{"id":114,"date":"2016-06-18T00:05:54","date_gmt":"2016-06-17T21:05:54","guid":{"rendered":"http:\/\/demo.safirtema.com\/yakamoz\/?page_id=114"},"modified":"2021-06-30T11:54:02","modified_gmt":"2021-06-30T08:54:02","slug":"sertifikalarimiz","status":"publish","type":"page","link":"https:\/\/bireyseltemizlikhizmetleri.com\/?page_id=114","title":{"rendered":"Sertifikalar\u0131m\u0131z"},"content":{"rendered":"\n<p>Burada yeni sayfada a\u00e7\u0131lan bir galeriye \u00f6rnek verilmi\u015ftir. Dilerseniz lightbox \u015feklinde de g\u00f6sterebilirsiniz.<\/p>\n\n\n\n<p><a href=\"https:\/\/bireyseltemizlikhizmetleri.com\/foto-galeri\/\">Lightbox \u00d6rne\u011fi<\/a><\/p>\n\n\n\n<figure class=\"wp-block-gallery columns-3 is-cropped wp-block-gallery-1 is-layout-flex wp-block-gallery-is-layout-flex\"><ul class=\"blocks-gallery-grid\"><li class=\"blocks-gallery-item\"><figure><a href=\"https:\/\/bireyseltemizlikhizmetleri.com\/sertifikalarimiz\/sertifika1\/\"><img loading=\"lazy\" decoding=\"async\" width=\"1000\" height=\"707\" src=\"https:\/\/bireyseltemizlikhizmetleri.com\/wp-content\/uploads\/2016\/06\/sertifika1.jpg\" alt=\"\" data-id=\"115\" data-full-url=\"https:\/\/bireyseltemizlikhizmetleri.com\/wp-content\/uploads\/2016\/06\/sertifika1.jpg\" data-link=\"https:\/\/bireyseltemizlikhizmetleri.com\/sertifikalarimiz\/sertifika1\/\" class=\"wp-image-115\" srcset=\"https:\/\/bireyseltemizlikhizmetleri.com\/wp-content\/uploads\/2016\/06\/sertifika1.jpg 1000w, https:\/\/bireyseltemizlikhizmetleri.com\/wp-content\/uploads\/2016\/06\/sertifika1-300x212.jpg 300w, https:\/\/bireyseltemizlikhizmetleri.com\/wp-content\/uploads\/2016\/06\/sertifika1-768x543.jpg 768w\" sizes=\"auto, (max-width: 1000px) 100vw, 1000px\" \/><\/a><\/figure><\/li><li class=\"blocks-gallery-item\"><figure><a href=\"https:\/\/bireyseltemizlikhizmetleri.com\/sertifikalarimiz\/sertifika2\/\"><img loading=\"lazy\" decoding=\"async\" width=\"1000\" height=\"762\" src=\"https:\/\/bireyseltemizlikhizmetleri.com\/wp-content\/uploads\/2016\/06\/sertifika2.jpg\" alt=\"\" data-id=\"116\" data-full-url=\"https:\/\/bireyseltemizlikhizmetleri.com\/wp-content\/uploads\/2016\/06\/sertifika2.jpg\" data-link=\"https:\/\/bireyseltemizlikhizmetleri.com\/sertifikalarimiz\/sertifika2\/\" class=\"wp-image-116\" srcset=\"https:\/\/bireyseltemizlikhizmetleri.com\/wp-content\/uploads\/2016\/06\/sertifika2.jpg 1000w, https:\/\/bireyseltemizlikhizmetleri.com\/wp-content\/uploads\/2016\/06\/sertifika2-300x229.jpg 300w, https:\/\/bireyseltemizlikhizmetleri.com\/wp-content\/uploads\/2016\/06\/sertifika2-768x585.jpg 768w\" sizes=\"auto, (max-width: 1000px) 100vw, 1000px\" \/><\/a><\/figure><\/li><li class=\"blocks-gallery-item\"><figure><a href=\"https:\/\/bireyseltemizlikhizmetleri.com\/sertifikalarimiz\/sertifika3\/\"><img loading=\"lazy\" decoding=\"async\" width=\"1000\" height=\"746\" src=\"https:\/\/bireyseltemizlikhizmetleri.com\/wp-content\/uploads\/2016\/06\/sertifika3.jpg\" alt=\"\" data-id=\"117\" data-full-url=\"https:\/\/bireyseltemizlikhizmetleri.com\/wp-content\/uploads\/2016\/06\/sertifika3.jpg\" data-link=\"https:\/\/bireyseltemizlikhizmetleri.com\/sertifikalarimiz\/sertifika3\/\" class=\"wp-image-117\" srcset=\"https:\/\/bireyseltemizlikhizmetleri.com\/wp-content\/uploads\/2016\/06\/sertifika3.jpg 1000w, https:\/\/bireyseltemizlikhizmetleri.com\/wp-content\/uploads\/2016\/06\/sertifika3-300x224.jpg 300w, https:\/\/bireyseltemizlikhizmetleri.com\/wp-content\/uploads\/2016\/06\/sertifika3-768x573.jpg 768w\" sizes=\"auto, (max-width: 1000px) 100vw, 1000px\" \/><\/a><\/figure><\/li><li class=\"blocks-gallery-item\"><figure><a href=\"https:\/\/bireyseltemizlikhizmetleri.com\/sertifikalarimiz\/sertifika4\/\"><img loading=\"lazy\" decoding=\"async\" width=\"1000\" height=\"707\" src=\"https:\/\/bireyseltemizlikhizmetleri.com\/wp-content\/uploads\/2016\/06\/sertifika4.jpg\" alt=\"\" data-id=\"118\" data-full-url=\"https:\/\/bireyseltemizlikhizmetleri.com\/wp-content\/uploads\/2016\/06\/sertifika4.jpg\" data-link=\"https:\/\/bireyseltemizlikhizmetleri.com\/sertifikalarimiz\/sertifika4\/\" class=\"wp-image-118\" srcset=\"https:\/\/bireyseltemizlikhizmetleri.com\/wp-content\/uploads\/2016\/06\/sertifika4.jpg 1000w, https:\/\/bireyseltemizlikhizmetleri.com\/wp-content\/uploads\/2016\/06\/sertifika4-300x212.jpg 300w, https:\/\/bireyseltemizlikhizmetleri.com\/wp-content\/uploads\/2016\/06\/sertifika4-768x543.jpg 768w\" sizes=\"auto, (max-width: 1000px) 100vw, 1000px\" \/><\/a><\/figure><\/li><li class=\"blocks-gallery-item\"><figure><a href=\"https:\/\/bireyseltemizlikhizmetleri.com\/sertifikalarimiz\/hourcertificate_12-02-13_v4\/\"><img loading=\"lazy\" decoding=\"async\" width=\"1000\" height=\"704\" src=\"https:\/\/bireyseltemizlikhizmetleri.com\/wp-content\/uploads\/2016\/06\/sertifika5.jpg\" alt=\"\" data-id=\"119\" data-full-url=\"https:\/\/bireyseltemizlikhizmetleri.com\/wp-content\/uploads\/2016\/06\/sertifika5.jpg\" data-link=\"https:\/\/bireyseltemizlikhizmetleri.com\/sertifikalarimiz\/hourcertificate_12-02-13_v4\/\" class=\"wp-image-119\" srcset=\"https:\/\/bireyseltemizlikhizmetleri.com\/wp-content\/uploads\/2016\/06\/sertifika5.jpg 1000w, https:\/\/bireyseltemizlikhizmetleri.com\/wp-content\/uploads\/2016\/06\/sertifika5-300x211.jpg 300w, https:\/\/bireyseltemizlikhizmetleri.com\/wp-content\/uploads\/2016\/06\/sertifika5-768x541.jpg 768w\" sizes=\"auto, (max-width: 1000px) 100vw, 1000px\" \/><\/a><\/figure><\/li><li class=\"blocks-gallery-item\"><figure><a href=\"https:\/\/bireyseltemizlikhizmetleri.com\/sertifikalarimiz\/sertifika6\/\"><img loading=\"lazy\" decoding=\"async\" width=\"1024\" height=\"791\" src=\"https:\/\/bireyseltemizlikhizmetleri.com\/wp-content\/uploads\/2016\/06\/sertifika6-1024x791.jpg\" alt=\"\" data-id=\"120\" data-full-url=\"https:\/\/bireyseltemizlikhizmetleri.com\/wp-content\/uploads\/2016\/06\/sertifika6.jpg\" data-link=\"https:\/\/bireyseltemizlikhizmetleri.com\/sertifikalarimiz\/sertifika6\/\" class=\"wp-image-120\" srcset=\"https:\/\/bireyseltemizlikhizmetleri.com\/wp-content\/uploads\/2016\/06\/sertifika6-1024x791.jpg 1024w, https:\/\/bireyseltemizlikhizmetleri.com\/wp-content\/uploads\/2016\/06\/sertifika6-300x232.jpg 300w, https:\/\/bireyseltemizlikhizmetleri.com\/wp-content\/uploads\/2016\/06\/sertifika6-768x593.jpg 768w, https:\/\/bireyseltemizlikhizmetleri.com\/wp-content\/uploads\/2016\/06\/sertifika6.jpg 1054w\" sizes=\"auto, (max-width: 1024px) 100vw, 1024px\" \/><\/a><\/figure><\/li><\/ul><\/figure>\n","protected":false},"excerpt":{"rendered":"<p>Burada yeni sayfada a\u00e7\u0131lan bir galeriye \u00f6rnek verilmi\u015ftir. Dilerseniz lightbox \u015feklinde de g\u00f6sterebilirsiniz. Lightbox \u00d6rne\u011fi<\/p>\n","protected":false},"author":1,"featured_media":0,"parent":0,"menu_order":0,"comment_status":"closed","ping_status":"closed","template":"","meta":{"footnotes":""},"class_list":["post-114","page","type-page","status-publish","hentry"],"aioseo_notices":[],"_links":{"self":[{"href":"https:\/\/bireyseltemizlikhizmetleri.com\/index.php?rest_route=\/wp\/v2\/pages\/114","targetHints":{"allow":["GET"]}}],"collection":[{"href":"https:\/\/bireyseltemizlikhizmetleri.com\/index.php?rest_route=\/wp\/v2\/pages"}],"about":[{"href":"https:\/\/bireyseltemizlikhizmetleri.com\/index.php?rest_route=\/wp\/v2\/types\/page"}],"author":[{"embeddable":true,"href":"https:\/\/bireyseltemizlikhizmetleri.com\/index.php?rest_route=\/wp\/v2\/users\/1"}],"replies":[{"embeddable":true,"href":"https:\/\/bireyseltemizlikhizmetleri.com\/index.php?rest_route=%2Fwp%2Fv2%2Fcomments&post=114"}],"version-history":[{"count":4,"href":"https:\/\/bireyseltemizlikhizmetleri.com\/index.php?rest_route=\/wp\/v2\/pages\/114\/revisions"}],"predecessor-version":[{"id":395,"href":"https:\/\/bireyseltemizlikhizmetleri.com\/index.php?rest_route=\/wp\/v2\/pages\/114\/revisions\/395"}],"wp:attachment":[{"href":"https:\/\/bireyseltemizlikhizmetleri.com\/index.php?rest_route=%2Fwp%2Fv2%2Fmedia&parent=114"}],"curies":[{"name":"wp","href":"https:\/\/api.w.org\/{rel}","templated":true}]}}