{"id":147,"date":"2016-06-18T02:03:07","date_gmt":"2016-06-17T23:03:07","guid":{"rendered":"http:\/\/demo.safirtema.com\/yakamoz\/?page_id=147"},"modified":"2023-10-31T21:35:38","modified_gmt":"2023-10-31T18:35:38","slug":"sikca-sorulan-sorular","status":"publish","type":"page","link":"https:\/\/bireyseltemizlikhizmetleri.com\/?page_id=147","title":{"rendered":"S\u0131k\u00e7a Sorulan Sorular"},"content":{"rendered":"\n<p>Bu sayfada\u00a0Bize y\u00f6neltilen sorulara bu sayfam\u0131zda soru-cevap \u015feklinde hizmet veriyoruz.<\/p>\n\n\n\n<div class=\"wp-block-safirtema-sorucevap safir-faq\"><div class=\"question\"><div class=\"safiricon icon\"><svg class=\"safiricon-soru\"><use href=\"#safiricon-soru\"><\/use><\/svg><\/div><span class=\"text\">Koltuk ve Kanepe Y\u0131kama i\u015flemi nas\u0131l yap\u0131l\u0131r?<\/span><div class=\"openclose plus\"><\/div><\/div><p class=\"answer\">\u00d6n Tan\u0131m: \u00d6ncelikle koltu\u011fun iskelet yap\u0131s\u0131 incelenir hangi b\u00f6l\u00fcmlerin y\u0131kan\u0131p y\u0131kanmayaca\u011f\u0131na karar verilir bazen koltuk \u00fcreticileri koltuk y\u0131kama etiketlerini koymaya biliyorlar.<br>Profesyonel bir\u00a0 koltuk\u00a0 y\u0131kamac\u0131\u00a0 ilk \u00f6nce koltuk temizli\u011fi hakk\u0131nda etiket arar e\u011fer etiket yok ise koltu\u011fun genel durumuna ve kuma\u015f yap\u0131s\u0131n\u0131 inceler bu i\u015flem \u00e7ok k\u0131sa s\u00fcrede yap\u0131labilir.<br>Kimyasal se\u00e7imi: Koltu\u011fun kuma\u015f yap\u0131s\u0131na g\u00f6re uygun kimyasal se\u00e7ilir bu se\u00e7im kuma\u015f\u0131n dokusu ile ba\u011flant\u0131l\u0131d\u0131r. Uygun koltuk y\u0131kama \u015fampuan ve leke s\u00f6k\u00fcc\u00fc haz\u0131rlan\u0131r ve y\u0131kama i\u015flemleri s\u0131ras\u0131 ile yap\u0131l\u0131r.<br>Koltuk Islatma: Uygun\u00a0\u015fampuan\u00a0ve su kar\u0131\u015f\u0131m\u0131 ile koltuklar 1 veya 2 cm derinli\u011fe kadar \u0131slat\u0131l\u0131r. \u0130lk \u0131slatma koltuklar\u0131n kirlerinin yumu\u015famas\u0131n\u0131 sa\u011flar<br>Koltuktan Leke \u00c7\u0131karma: Koltuk \u00fczerinde bulunan leke t\u00fcrleri incelenerek uygun leke \u00e7\u0131kar\u0131c\u0131lar kullan\u0131larak lekeler \u00e7\u0131kart\u0131l\u0131r.<br>Koltuk F\u0131r\u00e7alama: Koltuk y\u0131kamaya ba\u015flan\u0131r g\u00fc\u00e7l\u00fc f\u0131r\u00e7a makinesi ile koltuklara zarar vermeyen f\u0131r\u00e7as\u0131 ile koltuklar f\u0131r\u00e7alan\u0131r.<br>Vakumlama: G\u00fc\u00e7l\u00fc alman teknolojisine sahip profesyonel vakum makinesi ile koltuktan kirler \u00e7ekilir. Koltuktan kirli su \u00e7ekilirken durulama su \u00f6zelli\u011fi olan makine ile yeniden su verilerek kalan kirler \u00e7ekilir ve ayn\u0131 zamanda koltuk durulan\u0131r.<br>Kuruma S\u00fcresi: Koltuklardan fazla su ve kirler \u00e7ekildikten sonra en fazla %5 nemli kal\u0131r buda koltu\u011fun kuma\u015f yap\u0131s\u0131na ba\u011fl\u0131 olarak 6 ile 24 saat aras\u0131nda kendili\u011finden kurur.<br>Koltuk Sa\u011fl\u0131\u011f\u0131 i\u00e7in: Koltuk temizli\u011finde koltu\u011fun iskelet yap\u0131s\u0131na g\u00f6re y\u0131kama yap\u0131l\u0131r. S\u00fcngeri 0,5 cm den az ise bu b\u00f6l\u00fcmler y\u0131kanmaz arka taraf e\u011fer g\u00f6r\u00fcnen leke yoksa y\u0131kanmaz. E\u011fer y\u0131kan\u0131rsa baz\u0131 koltuklarda i\u00e7 aksamlar\u0131nda \u015fi\u015fmeler olur.<\/p><\/div>\n\n\n\n<div class=\"wp-block-safirtema-sorucevap safir-faq\"><div class=\"question\"><div class=\"safiricon icon\"><svg class=\"safiricon-soru\"><use href=\"#safiricon-soru\"><\/use><\/svg><\/div><span class=\"text\">Y\u0131kanan Koltuklar\u0131m Ka\u00e7 Saatte Kurur?<\/span><div class=\"openclose plus\"><\/div><\/div><p class=\"answer\">Koltuk y\u0131kama\u00a0makinelerimiz ile y\u0131kama i\u015flemi yap\u0131l\u0131rken p\u00fcsk\u00fcrt\u00fclen su ayn\u0131 anda makine taraf\u0131ndan geri \u00e7ekilmektedir. \u0130\u015flem sonras\u0131 kuruma s\u00fcresini minimuma indirmek amac\u0131yla y\u0131kama i\u015flemi bittikten sonra ek olarak 1-2 defa daha vakumlayarak s\u00fcngerdeki ve kuma\u015ftaki suyun neredeyse tamam\u0131n\u0131 geri \u00e7ekiyoruz. Bu i\u015flem hem koltuklar\u0131n\u0131z\u0131n derinlemesine y\u0131kanmas\u0131na hemde y\u0131kanan \u00fcr\u00fcn\u00fcn kuma\u015f\u0131nda sadece %10 civar\u0131nda nem kalmas\u0131na neden olur ve y\u0131kanan \u00fcr\u00fcne g\u00f6re yukar\u0131da belirtti\u011fimiz s\u00fcreler i\u00e7erisinde kurur.<\/p><\/div>\n\n\n\n<div class=\"wp-block-safirtema-sorucevap safir-faq\"><div class=\"question\"><div class=\"safiricon icon\"><svg class=\"safiricon-soru\"><use href=\"#safiricon-soru\"><\/use><\/svg><\/div><span class=\"text\">Kulland\u0131\u011f\u0131n\u0131z temizlik maddeleri nelerdir?<\/span><div class=\"openclose plus\"><\/div><\/div><p class=\"answer\">Kulland\u0131\u011f\u0131m\u0131z temizlik ila\u00e7lar\u0131 ilgili firma ve kimyagerler taraf\u0131ndan sadece taraf\u0131m\u0131z i\u00e7in \u00fcretilmi\u015f olup , d\u0131\u015far\u0131ya hi\u00e7bir \u015fekilde sat\u0131\u015f\u0131 yap\u0131lmamaktad\u0131r. Market \u00fcr\u00fcnlerinden \u00e7ok daha maliyetli olu\u015fu , \u00e7evredeki canl\u0131 veya cans\u0131z hi\u00e7 bir \u015feye zarar vermemesi ve \u00e7\u0131karamayaca\u011f\u0131 lekenin olmamas\u0131ndan dolay\u0131 ila\u00e7lar\u0131m\u0131z hem sa\u011fl\u0131k a\u00e7\u0131s\u0131ndan zarars\u0131z , hemde temizlik y\u00f6n\u00fcnden etkilidir.<br>Kullanm\u0131\u015f oldu\u011fumuz temizlik maddeleri %100 organik olarak \u00fcretilmi\u015f olup , t\u00fcm bile\u015fenleri ve i\u00e7eri\u011fi do\u011fal malzemelerden elde edilmi\u015ftir. Bu sebeple \u00e7evredeki canl\u0131 , cans\u0131z hi\u00e7 bir \u015feye zarar vermemektedir.\u0130la\u00e7lar\u0131m\u0131z\u0131n bebe\u011finize , size , evcil hayvan\u0131n\u0131za , e\u015fyalar\u0131n\u0131za , mobilyan\u0131za veya kuma\u015f\u0131n\u0131za asla hi\u00e7 bir \u015fekilde bir yan etkisi olmaz.<br>\u015eirketimizin gizlilik kurallar\u0131 nedeni ile ila\u00e7 ismi veya bize \u00f6zel \u00fcreten firman\u0131n ismini vermemiz yasakt\u0131r. Bu konuda m\u00fc\u015fteri temsilcilerimize ve y\u0131kama ekibimize yard\u0131mc\u0131 oldu\u011funuz i\u00e7in te\u015fekk\u00fcr ederiz.<\/p><\/div>\n\n\n\n<div class=\"wp-block-safirtema-sorucevap safir-faq\"><div class=\"question\"><div class=\"safiricon icon\"><svg class=\"safiricon-soru\"><use href=\"#safiricon-soru\"><\/use><\/svg><\/div><span class=\"text\">\u00c7\u0131kmayan Leke T\u00fcrleri Nelerdir?<\/span><div class=\"openclose plus\"><\/div><\/div><p class=\"answer\">\u00c7\u0131kmayan leke t\u00fcrleri nelerdir \u00c7\u0131kmayan leke t\u00fcrlerinin ba\u015f\u0131nda kan lekesi , t\u00fckenmez kalem veya m\u00fcrekkep lekesi gelir. Kuma\u015f\u0131n cinsine , lekenin yo\u011funlu\u011funa , kuma\u015fta kalma s\u00fcresine ve \u00fczerinde temizlik maddeleri ile ne kadar u\u011fra\u015f\u0131ld\u0131\u011f\u0131na ba\u011fl\u0131 olarakta lekenin \u00e7\u0131kar\u0131labilme oran\u0131 artar veya azal\u0131r.<br>\u00d6rne\u011fin \u00e7ok eski , \u00fczerinde temizlik maddeleri ile temizlenmek i\u00e7in u\u011fra\u015f\u0131lm\u0131\u015f , a\u015f\u0131r\u0131 b\u00fcy\u00fckl\u00fckteki lekelerin \u00e7\u0131kma oran\u0131 \u00e7ok d\u00fc\u015f\u00fckt\u00fcr. \u00c7ok eski bile olsa \u00fczerinde temizlemek i\u00e7in u\u011fra\u015f\u0131lmayan lekeler ise daha kolay \u00e7\u0131kabilmektedir. Durum genel olarak b\u00f6yle olsa da bazen t\u00fcm olumsuz durumlar\u0131 bar\u0131nd\u0131ran lekeler tek hamlede \u00e7\u0131k\u0131p , tertemiz olurken , \u00e7ok yeni ve \u00fczerinde hi\u00e7 u\u011fra\u015f\u0131lmam\u0131\u015f lekelerde hi\u00e7 bir etki olmad\u0131\u011f\u0131 da g\u00f6r\u00fclm\u00fc\u015ft\u00fcr.<\/p><\/div>\n\n\n\n<div class=\"wp-block-safirtema-sorucevap safir-faq\"><div class=\"question\"><div class=\"safiricon icon\"><svg class=\"safiricon-soru\"><use href=\"#safiricon-soru\"><\/use><\/svg><\/div><span class=\"text\">T\u00fcm Lekeler \u00c7\u0131kar m\u0131?<\/span><div class=\"openclose plus\"><\/div><\/div><p class=\"answer\">Koltuk y\u0131kama ve leke \u00e7\u0131karma i\u015flemlerimiz %98 garantilidir. Kahve, \u00e7ay, ya\u011f, su, yemek, \u00e7ikolata, boya vs lekeler i\u00e7in \u00fcst\u00fcn \u00e7\u0131karma tekniklerimizi kullanarak \u00e7\u0131kar\u0131r\u0131z. E\u011fer lekeler i\u00e7in sizler \u00e7e\u015fitli kimyasallarla m\u00fcdahale yapt\u0131ysan\u0131z baz\u0131 lekeler \u00e7\u0131kmayabilir.<\/p><\/div>\n\n\n\n<div class=\"wp-block-safirtema-sorucevap safir-faq\"><div class=\"question\"><div class=\"safiricon icon\"><svg class=\"safiricon-soru\"><use href=\"#safiricon-soru\"><\/use><\/svg><\/div><span class=\"text\">Hangi t\u00fcr koltuk d\u00f6\u015feme kuma\u015flar\u0131 temizlenemez?<\/span><div class=\"openclose plus\"><\/div><\/div><p class=\"answer\">Zen kuma\u015flar, s\u0131v\u0131 itici \u00f6zelli\u011fi nedeniyle y\u0131kanmaya uygun de\u011fildir. Ayr\u0131ca %100 keten kuma\u015flar ve saten kuma\u015flarda sorun \u00e7\u0131kabilmektedir. Detayl\u0131 bilgi i\u00e7in aray\u0131n\u0131z.<\/p><\/div>\n","protected":false},"excerpt":{"rendered":"<p>Bu sayfada\u00a0Bize y\u00f6neltilen sorulara bu sayfam\u0131zda soru-cevap \u015feklinde hizmet veriyoruz.<\/p>\n","protected":false},"author":1,"featured_media":0,"parent":0,"menu_order":0,"comment_status":"closed","ping_status":"closed","template":"","meta":{"footnotes":""},"class_list":["post-147","page","type-page","status-publish","hentry"],"aioseo_notices":[],"_links":{"self":[{"href":"https:\/\/bireyseltemizlikhizmetleri.com\/index.php?rest_route=\/wp\/v2\/pages\/147","targetHints":{"allow":["GET"]}}],"collection":[{"href":"https:\/\/bireyseltemizlikhizmetleri.com\/index.php?rest_route=\/wp\/v2\/pages"}],"about":[{"href":"https:\/\/bireyseltemizlikhizmetleri.com\/index.php?rest_route=\/wp\/v2\/types\/page"}],"author":[{"embeddable":true,"href":"https:\/\/bireyseltemizlikhizmetleri.com\/index.php?rest_route=\/wp\/v2\/users\/1"}],"replies":[{"embeddable":true,"href":"https:\/\/bireyseltemizlikhizmetleri.com\/index.php?rest_route=%2Fwp%2Fv2%2Fcomments&post=147"}],"version-history":[{"count":4,"href":"https:\/\/bireyseltemizlikhizmetleri.com\/index.php?rest_route=\/wp\/v2\/pages\/147\/revisions"}],"predecessor-version":[{"id":450,"href":"https:\/\/bireyseltemizlikhizmetleri.com\/index.php?rest_route=\/wp\/v2\/pages\/147\/revisions\/450"}],"wp:attachment":[{"href":"https:\/\/bireyseltemizlikhizmetleri.com\/index.php?rest_route=%2Fwp%2Fv2%2Fmedia&parent=147"}],"curies":[{"name":"wp","href":"https:\/\/api.w.org\/{rel}","templated":true}]}}