{"id":263,"date":"2016-06-18T20:04:43","date_gmt":"2016-06-18T17:04:43","guid":{"rendered":"http:\/\/demo.safirtema.com\/yakamoz\/?page_id=263"},"modified":"2025-10-14T21:56:51","modified_gmt":"2025-10-14T18:56:51","slug":"hakkimizda","status":"publish","type":"page","link":"https:\/\/bireyseltemizlikhizmetleri.com\/?page_id=263","title":{"rendered":"Hakk\u0131m\u0131zda"},"content":{"rendered":"\n<p>Bireysel Temizlik Hizmetleri olarak siz de\u011ferli m\u00fc\u015fterilerimize&nbsp;profesyonel ekip ve ekipmanlar\u0131m\u0131zla&nbsp;hizmet vermekten mutluluk duyar\u0131z. 2019 y\u0131l\u0131nda hizmet sekt\u00f6r\u00fcne ba\u015flayan firmam\u0131z Malatya&#8217;da hizmet vermekte olup, kurumsal \u00e7al\u0131\u015fma prensibiyle hizmet veren ve b\u00fct\u00fcn hizmetlerini firma g\u00fcvencesiyle sunan bir temizlik \u015firketidir.<\/p>\n\n\n\n<p>Bina, Ofis, Site, Merdiven, Genel Temizlik hizmetleri vermekte olan firmam\u0131z bir \u00e7ok temizlik i\u015flemi ger\u00e7ekle\u015ftirmektedir. H\u0131z, titizlik, uygun fiyat, hijyen gibi temizlik \u015firketlerinin kar\u015f\u0131lamas\u0131 gereken bir\u00e7ok hizmet Bireysel Temizlik Hizmetleri taraf\u0131ndan yap\u0131lmaktad\u0131r. Deneyimli bir temizlik \u015firketi olarak bu gibi ihtiya\u00e7lar\u0131n\u0131z\u0131 en uygun ko\u015fullarda kar\u015f\u0131lamaya gayret ediyoruz.\u00a0Yap\u0131lan her i\u015f ba\u015flang\u0131c\u0131nda, devam\u0131nda ve bitiminde sizlere %100 memnuniyet garantisini en uygun fiyatlarla sunmak tek amac\u0131m\u0131z.<\/p>\n\n\n\n<a class=\"wp-block-safirtema-safirbutton safirButton alt\" href=\"\/yakamoz\/iletisim\" rel=\"\"><div class=\"icon safiricon\"><svg class=\"safiricon-mouse\"><use href=\"#safiricon-mouse\"><\/use><\/svg><\/div>Bize Ula\u015f\u0131n<\/a>\n","protected":false},"excerpt":{"rendered":"<p>Bireysel Temizlik Hizmetleri olarak siz de\u011ferli m\u00fc\u015fterilerimize&nbsp;profesyonel ekip ve ekipmanlar\u0131m\u0131zla&nbsp;hizmet vermekten mutluluk duyar\u0131z. 2019 y\u0131l\u0131nda hizmet sekt\u00f6r\u00fcne ba\u015flayan firmam\u0131z Malatya&#8217;da hizmet vermekte olup, kurumsal \u00e7al\u0131\u015fma prensibiyle hizmet veren ve b\u00fct\u00fcn hizmetlerini firma g\u00fcvencesiyle sunan bir temizlik \u015firketidir. Bina, Ofis, Site, Merdiven, Genel Temizlik hizmetleri vermekte olan firmam\u0131z bir \u00e7ok temizlik i\u015flemi ger\u00e7ekle\u015ftirmektedir. H\u0131z, titizlik, uygun [&hellip;]<\/p>\n","protected":false},"author":1,"featured_media":0,"parent":0,"menu_order":0,"comment_status":"closed","ping_status":"closed","template":"","meta":{"footnotes":""},"class_list":["post-263","page","type-page","status-publish","hentry"],"aioseo_notices":[],"_links":{"self":[{"href":"https:\/\/bireyseltemizlikhizmetleri.com\/index.php?rest_route=\/wp\/v2\/pages\/263","targetHints":{"allow":["GET"]}}],"collection":[{"href":"https:\/\/bireyseltemizlikhizmetleri.com\/index.php?rest_route=\/wp\/v2\/pages"}],"about":[{"href":"https:\/\/bireyseltemizlikhizmetleri.com\/index.php?rest_route=\/wp\/v2\/types\/page"}],"author":[{"embeddable":true,"href":"https:\/\/bireyseltemizlikhizmetleri.com\/index.php?rest_route=\/wp\/v2\/users\/1"}],"replies":[{"embeddable":true,"href":"https:\/\/bireyseltemizlikhizmetleri.com\/index.php?rest_route=%2Fwp%2Fv2%2Fcomments&post=263"}],"version-history":[{"count":4,"href":"https:\/\/bireyseltemizlikhizmetleri.com\/index.php?rest_route=\/wp\/v2\/pages\/263\/revisions"}],"predecessor-version":[{"id":523,"href":"https:\/\/bireyseltemizlikhizmetleri.com\/index.php?rest_route=\/wp\/v2\/pages\/263\/revisions\/523"}],"wp:attachment":[{"href":"https:\/\/bireyseltemizlikhizmetleri.com\/index.php?rest_route=%2Fwp%2Fv2%2Fmedia&parent=263"}],"curies":[{"name":"wp","href":"https:\/\/api.w.org\/{rel}","templated":true}]}}