{"id":82,"date":"2016-06-17T16:55:58","date_gmt":"2016-06-17T13:55:58","guid":{"rendered":"http:\/\/demo.safirtema.com\/yakamoz\/?page_id=82"},"modified":"2025-10-14T21:30:42","modified_gmt":"2025-10-14T18:30:42","slug":"foto-galeri","status":"publish","type":"page","link":"https:\/\/bireyseltemizlikhizmetleri.com\/?page_id=82","title":{"rendered":"Foto Galeri"},"content":{"rendered":"\n<p>Yapm\u0131\u015f Oldu\u011fumuz Hizmetlerimizden Foto\u011fraflar<\/p>\n\n\n\n<p><\/p>\n\n\n\n<figure class=\"wp-block-gallery has-nested-images columns-4 is-cropped wp-block-gallery-1 is-layout-flex wp-block-gallery-is-layout-flex\">\n<figure class=\"wp-block-image size-full\"><a href=\"https:\/\/bireyseltemizlikhizmetleri.com\/wp-content\/uploads\/2025\/10\/bina-tem.jpeg\"><img loading=\"lazy\" decoding=\"async\" width=\"680\" height=\"451\" data-id=\"494\" src=\"https:\/\/bireyseltemizlikhizmetleri.com\/wp-content\/uploads\/2025\/10\/bina-tem.jpeg\" alt=\"\" class=\"wp-image-494\" srcset=\"https:\/\/bireyseltemizlikhizmetleri.com\/wp-content\/uploads\/2025\/10\/bina-tem.jpeg 680w, https:\/\/bireyseltemizlikhizmetleri.com\/wp-content\/uploads\/2025\/10\/bina-tem-300x199.jpeg 300w\" sizes=\"auto, (max-width: 680px) 100vw, 680px\" \/><\/a><\/figure>\n\n\n\n<figure class=\"wp-block-image size-full\"><a href=\"https:\/\/bireyseltemizlikhizmetleri.com\/wp-content\/uploads\/2025\/10\/malatya-merdiven-temizligi.jpg\"><img loading=\"lazy\" decoding=\"async\" width=\"620\" height=\"373\" data-id=\"495\" src=\"https:\/\/bireyseltemizlikhizmetleri.com\/wp-content\/uploads\/2025\/10\/malatya-merdiven-temizligi.jpg\" alt=\"\" class=\"wp-image-495\" srcset=\"https:\/\/bireyseltemizlikhizmetleri.com\/wp-content\/uploads\/2025\/10\/malatya-merdiven-temizligi.jpg 620w, https:\/\/bireyseltemizlikhizmetleri.com\/wp-content\/uploads\/2025\/10\/malatya-merdiven-temizligi-300x180.jpg 300w\" sizes=\"auto, (max-width: 620px) 100vw, 620px\" \/><\/a><\/figure>\n\n\n\n<figure class=\"wp-block-image size-full\"><a href=\"https:\/\/bireyseltemizlikhizmetleri.com\/wp-content\/uploads\/2025\/10\/insaat-sonrasi-temizlik-malatya.jpg\"><img loading=\"lazy\" decoding=\"async\" width=\"1200\" height=\"823\" data-id=\"496\" src=\"https:\/\/bireyseltemizlikhizmetleri.com\/wp-content\/uploads\/2025\/10\/insaat-sonrasi-temizlik-malatya.jpg\" alt=\"\" class=\"wp-image-496\" srcset=\"https:\/\/bireyseltemizlikhizmetleri.com\/wp-content\/uploads\/2025\/10\/insaat-sonrasi-temizlik-malatya.jpg 1200w, https:\/\/bireyseltemizlikhizmetleri.com\/wp-content\/uploads\/2025\/10\/insaat-sonrasi-temizlik-malatya-300x206.jpg 300w, https:\/\/bireyseltemizlikhizmetleri.com\/wp-content\/uploads\/2025\/10\/insaat-sonrasi-temizlik-malatya-1024x702.jpg 1024w, https:\/\/bireyseltemizlikhizmetleri.com\/wp-content\/uploads\/2025\/10\/insaat-sonrasi-temizlik-malatya-768x527.jpg 768w\" sizes=\"auto, (max-width: 1200px) 100vw, 1200px\" \/><\/a><\/figure>\n\n\n\n<figure class=\"wp-block-image size-full\"><a href=\"https:\/\/bireyseltemizlikhizmetleri.com\/wp-content\/uploads\/2025\/10\/depo-temizligi-malatya.jpg\"><img loading=\"lazy\" decoding=\"async\" width=\"640\" height=\"476\" data-id=\"497\" src=\"https:\/\/bireyseltemizlikhizmetleri.com\/wp-content\/uploads\/2025\/10\/depo-temizligi-malatya.jpg\" alt=\"\" class=\"wp-image-497\" srcset=\"https:\/\/bireyseltemizlikhizmetleri.com\/wp-content\/uploads\/2025\/10\/depo-temizligi-malatya.jpg 640w, https:\/\/bireyseltemizlikhizmetleri.com\/wp-content\/uploads\/2025\/10\/depo-temizligi-malatya-300x223.jpg 300w\" sizes=\"auto, (max-width: 640px) 100vw, 640px\" \/><\/a><\/figure>\n\n\n\n<figure class=\"wp-block-image size-full\"><a href=\"https:\/\/bireyseltemizlikhizmetleri.com\/wp-content\/uploads\/2025\/10\/cevre-temizligi-malatya.jpg\"><img loading=\"lazy\" decoding=\"async\" width=\"827\" height=\"465\" data-id=\"498\" src=\"https:\/\/bireyseltemizlikhizmetleri.com\/wp-content\/uploads\/2025\/10\/cevre-temizligi-malatya.jpg\" alt=\"\" class=\"wp-image-498\" srcset=\"https:\/\/bireyseltemizlikhizmetleri.com\/wp-content\/uploads\/2025\/10\/cevre-temizligi-malatya.jpg 827w, https:\/\/bireyseltemizlikhizmetleri.com\/wp-content\/uploads\/2025\/10\/cevre-temizligi-malatya-300x169.jpg 300w, https:\/\/bireyseltemizlikhizmetleri.com\/wp-content\/uploads\/2025\/10\/cevre-temizligi-malatya-768x432.jpg 768w\" sizes=\"auto, (max-width: 827px) 100vw, 827px\" \/><\/a><\/figure>\n\n\n\n<figure class=\"wp-block-image size-full\"><a href=\"https:\/\/bireyseltemizlikhizmetleri.com\/wp-content\/uploads\/2025\/10\/dis-cephe-silme-malatya.jpg\"><img loading=\"lazy\" decoding=\"async\" width=\"1600\" height=\"1067\" data-id=\"499\" src=\"https:\/\/bireyseltemizlikhizmetleri.com\/wp-content\/uploads\/2025\/10\/dis-cephe-silme-malatya.jpg\" alt=\"\" class=\"wp-image-499\" srcset=\"https:\/\/bireyseltemizlikhizmetleri.com\/wp-content\/uploads\/2025\/10\/dis-cephe-silme-malatya.jpg 1600w, https:\/\/bireyseltemizlikhizmetleri.com\/wp-content\/uploads\/2025\/10\/dis-cephe-silme-malatya-300x200.jpg 300w, https:\/\/bireyseltemizlikhizmetleri.com\/wp-content\/uploads\/2025\/10\/dis-cephe-silme-malatya-1024x683.jpg 1024w, https:\/\/bireyseltemizlikhizmetleri.com\/wp-content\/uploads\/2025\/10\/dis-cephe-silme-malatya-768x512.jpg 768w, https:\/\/bireyseltemizlikhizmetleri.com\/wp-content\/uploads\/2025\/10\/dis-cephe-silme-malatya-1536x1024.jpg 1536w\" sizes=\"auto, (max-width: 1600px) 100vw, 1600px\" \/><\/a><\/figure>\n\n\n\n<figure class=\"wp-block-image size-full\"><a href=\"https:\/\/bireyseltemizlikhizmetleri.com\/wp-content\/uploads\/2025\/10\/temizlik-ve-bakim-hizmeti-su-depolari-malatya.png\"><img loading=\"lazy\" decoding=\"async\" width=\"1024\" height=\"1024\" data-id=\"500\" src=\"https:\/\/bireyseltemizlikhizmetleri.com\/wp-content\/uploads\/2025\/10\/temizlik-ve-bakim-hizmeti-su-depolari-malatya.png\" alt=\"\" class=\"wp-image-500\" srcset=\"https:\/\/bireyseltemizlikhizmetleri.com\/wp-content\/uploads\/2025\/10\/temizlik-ve-bakim-hizmeti-su-depolari-malatya.png 1024w, https:\/\/bireyseltemizlikhizmetleri.com\/wp-content\/uploads\/2025\/10\/temizlik-ve-bakim-hizmeti-su-depolari-malatya-300x300.png 300w, https:\/\/bireyseltemizlikhizmetleri.com\/wp-content\/uploads\/2025\/10\/temizlik-ve-bakim-hizmeti-su-depolari-malatya-150x150.png 150w, https:\/\/bireyseltemizlikhizmetleri.com\/wp-content\/uploads\/2025\/10\/temizlik-ve-bakim-hizmeti-su-depolari-malatya-768x768.png 768w\" sizes=\"auto, (max-width: 1024px) 100vw, 1024px\" \/><\/a><\/figure>\n\n\n\n<figure class=\"wp-block-image size-full\"><a href=\"https:\/\/bireyseltemizlikhizmetleri.com\/wp-content\/uploads\/2025\/10\/insaat-sonrasi-temizlik-malatya-.jpeg\"><img loading=\"lazy\" decoding=\"async\" width=\"1024\" height=\"683\" data-id=\"504\" src=\"https:\/\/bireyseltemizlikhizmetleri.com\/wp-content\/uploads\/2025\/10\/insaat-sonrasi-temizlik-malatya-.jpeg\" alt=\"\" class=\"wp-image-504\" srcset=\"https:\/\/bireyseltemizlikhizmetleri.com\/wp-content\/uploads\/2025\/10\/insaat-sonrasi-temizlik-malatya-.jpeg 1024w, https:\/\/bireyseltemizlikhizmetleri.com\/wp-content\/uploads\/2025\/10\/insaat-sonrasi-temizlik-malatya--300x200.jpeg 300w, https:\/\/bireyseltemizlikhizmetleri.com\/wp-content\/uploads\/2025\/10\/insaat-sonrasi-temizlik-malatya--768x512.jpeg 768w\" sizes=\"auto, (max-width: 1024px) 100vw, 1024px\" \/><\/a><\/figure>\n\n\n\n<figure class=\"wp-block-image size-full\"><a href=\"https:\/\/bireyseltemizlikhizmetleri.com\/wp-content\/uploads\/2025\/10\/site-temizligi-malatya.jpg\"><img loading=\"lazy\" decoding=\"async\" width=\"960\" height=\"720\" data-id=\"506\" src=\"https:\/\/bireyseltemizlikhizmetleri.com\/wp-content\/uploads\/2025\/10\/site-temizligi-malatya.jpg\" alt=\"\" class=\"wp-image-506\" srcset=\"https:\/\/bireyseltemizlikhizmetleri.com\/wp-content\/uploads\/2025\/10\/site-temizligi-malatya.jpg 960w, https:\/\/bireyseltemizlikhizmetleri.com\/wp-content\/uploads\/2025\/10\/site-temizligi-malatya-300x225.jpg 300w, https:\/\/bireyseltemizlikhizmetleri.com\/wp-content\/uploads\/2025\/10\/site-temizligi-malatya-768x576.jpg 768w\" sizes=\"auto, (max-width: 960px) 100vw, 960px\" \/><\/a><\/figure>\n\n\n\n<figure class=\"wp-block-image size-full\"><a href=\"https:\/\/bireyseltemizlikhizmetleri.com\/wp-content\/uploads\/2025\/10\/ggg.jpg\"><img loading=\"lazy\" decoding=\"async\" width=\"800\" height=\"600\" data-id=\"508\" src=\"https:\/\/bireyseltemizlikhizmetleri.com\/wp-content\/uploads\/2025\/10\/ggg.jpg\" alt=\"\" class=\"wp-image-508\" srcset=\"https:\/\/bireyseltemizlikhizmetleri.com\/wp-content\/uploads\/2025\/10\/ggg.jpg 800w, https:\/\/bireyseltemizlikhizmetleri.com\/wp-content\/uploads\/2025\/10\/ggg-300x225.jpg 300w, https:\/\/bireyseltemizlikhizmetleri.com\/wp-content\/uploads\/2025\/10\/ggg-768x576.jpg 768w\" sizes=\"auto, (max-width: 800px) 100vw, 800px\" \/><\/a><\/figure>\n\n\n\n<figure class=\"wp-block-image size-full\"><a href=\"https:\/\/bireyseltemizlikhizmetleri.com\/wp-content\/uploads\/2025\/10\/ppp.jpg\"><img loading=\"lazy\" decoding=\"async\" width=\"973\" height=\"650\" data-id=\"509\" src=\"https:\/\/bireyseltemizlikhizmetleri.com\/wp-content\/uploads\/2025\/10\/ppp.jpg\" alt=\"\" class=\"wp-image-509\" srcset=\"https:\/\/bireyseltemizlikhizmetleri.com\/wp-content\/uploads\/2025\/10\/ppp.jpg 973w, https:\/\/bireyseltemizlikhizmetleri.com\/wp-content\/uploads\/2025\/10\/ppp-300x200.jpg 300w, https:\/\/bireyseltemizlikhizmetleri.com\/wp-content\/uploads\/2025\/10\/ppp-768x513.jpg 768w\" sizes=\"auto, (max-width: 973px) 100vw, 973px\" \/><\/a><\/figure>\n\n\n\n<figure class=\"wp-block-image size-full\"><a href=\"https:\/\/bireyseltemizlikhizmetleri.com\/wp-content\/uploads\/2025\/10\/apartman-merdiven-temizligiuuu.jpg\"><img loading=\"lazy\" decoding=\"async\" width=\"626\" height=\"416\" data-id=\"510\" src=\"https:\/\/bireyseltemizlikhizmetleri.com\/wp-content\/uploads\/2025\/10\/apartman-merdiven-temizligiuuu.jpg\" alt=\"\" class=\"wp-image-510\" srcset=\"https:\/\/bireyseltemizlikhizmetleri.com\/wp-content\/uploads\/2025\/10\/apartman-merdiven-temizligiuuu.jpg 626w, https:\/\/bireyseltemizlikhizmetleri.com\/wp-content\/uploads\/2025\/10\/apartman-merdiven-temizligiuuu-300x199.jpg 300w\" sizes=\"auto, (max-width: 626px) 100vw, 626px\" \/><\/a><\/figure>\n<\/figure>\n\n\n\n<p><\/p>\n","protected":false},"excerpt":{"rendered":"<p>Yapm\u0131\u015f Oldu\u011fumuz Hizmetlerimizden Foto\u011fraflar<\/p>\n","protected":false},"author":1,"featured_media":0,"parent":0,"menu_order":0,"comment_status":"closed","ping_status":"closed","template":"","meta":{"footnotes":""},"class_list":["post-82","page","type-page","status-publish","hentry"],"aioseo_notices":[],"_links":{"self":[{"href":"https:\/\/bireyseltemizlikhizmetleri.com\/index.php?rest_route=\/wp\/v2\/pages\/82","targetHints":{"allow":["GET"]}}],"collection":[{"href":"https:\/\/bireyseltemizlikhizmetleri.com\/index.php?rest_route=\/wp\/v2\/pages"}],"about":[{"href":"https:\/\/bireyseltemizlikhizmetleri.com\/index.php?rest_route=\/wp\/v2\/types\/page"}],"author":[{"embeddable":true,"href":"https:\/\/bireyseltemizlikhizmetleri.com\/index.php?rest_route=\/wp\/v2\/users\/1"}],"replies":[{"embeddable":true,"href":"https:\/\/bireyseltemizlikhizmetleri.com\/index.php?rest_route=%2Fwp%2Fv2%2Fcomments&post=82"}],"version-history":[{"count":9,"href":"https:\/\/bireyseltemizlikhizmetleri.com\/index.php?rest_route=\/wp\/v2\/pages\/82\/revisions"}],"predecessor-version":[{"id":511,"href":"https:\/\/bireyseltemizlikhizmetleri.com\/index.php?rest_route=\/wp\/v2\/pages\/82\/revisions\/511"}],"wp:attachment":[{"href":"https:\/\/bireyseltemizlikhizmetleri.com\/index.php?rest_route=%2Fwp%2Fv2%2Fmedia&parent=82"}],"curies":[{"name":"wp","href":"https:\/\/api.w.org\/{rel}","templated":true}]}}